{"id":1008,"date":"2021-11-18T20:22:02","date_gmt":"2021-11-18T20:22:02","guid":{"rendered":"https:\/\/enkor.se\/?page_id=1008"},"modified":"2023-04-28T19:29:39","modified_gmt":"2023-04-28T19:29:39","slug":"days-on-earth","status":"publish","type":"page","link":"https:\/\/enkor.se\/en\/days-on-earth\/","title":{"rendered":"Days on earth"},"content":{"rendered":"<div data-elementor-type=\"wp-page\" data-elementor-id=\"1008\" class=\"elementor elementor-1008\">\n\t\t\t\t\t\t<section class=\"elementor-section elementor-top-section elementor-element elementor-element-450e8284 elementor-section-boxed elementor-section-height-default elementor-section-height-default\" data-id=\"450e8284\" data-element_type=\"section\" data-e-type=\"section\" data-settings=\"{&quot;background_background&quot;:&quot;classic&quot;}\">\n\t\t\t\t\t\t\t<div class=\"elementor-background-overlay\"><\/div>\n\t\t\t\t\t\t\t<div class=\"elementor-container elementor-column-gap-default\">\n\t\t\t\t\t<div class=\"elementor-column elementor-col-33 elementor-top-column elementor-element elementor-element-522b5f4f\" data-id=\"522b5f4f\" data-element_type=\"column\" data-e-type=\"column\">\n\t\t\t<div class=\"elementor-widget-wrap\">\n\t\t\t\t\t\t\t<\/div>\n\t\t<\/div>\n\t\t\t\t<div class=\"elementor-column elementor-col-33 elementor-top-column elementor-element elementor-element-1d10e0b1\" data-id=\"1d10e0b1\" data-element_type=\"column\" data-e-type=\"column\">\n\t\t\t<div class=\"elementor-widget-wrap elementor-element-populated\">\n\t\t\t\t\t\t<div class=\"elementor-element elementor-element-471ccb2a elementor-widget elementor-widget-heading\" data-id=\"471ccb2a\" data-element_type=\"widget\" data-e-type=\"widget\" data-widget_type=\"heading.default\">\n\t\t\t\t<div class=\"elementor-widget-container\">\n\t\t\t\t\t<h1 class=\"elementor-heading-title elementor-size-default\">Days on Earth<\/h1>\t\t\t\t<\/div>\n\t\t\t\t<\/div>\n\t\t\t\t\t<\/div>\n\t\t<\/div>\n\t\t\t\t<div class=\"elementor-column elementor-col-33 elementor-top-column elementor-element elementor-element-642a0ed8\" data-id=\"642a0ed8\" data-element_type=\"column\" data-e-type=\"column\">\n\t\t\t<div class=\"elementor-widget-wrap\">\n\t\t\t\t\t\t\t<\/div>\n\t\t<\/div>\n\t\t\t\t\t<\/div>\n\t\t<\/section>\n\t\t\t\t<section class=\"elementor-section elementor-top-section elementor-element elementor-element-e9b064f elementor-section-boxed elementor-section-height-default elementor-section-height-default\" data-id=\"e9b064f\" data-element_type=\"section\" data-e-type=\"section\">\n\t\t\t\t\t\t<div class=\"elementor-container elementor-column-gap-default\">\n\t\t\t\t\t<div class=\"elementor-column elementor-col-100 elementor-top-column elementor-element elementor-element-c42971d\" data-id=\"c42971d\" data-element_type=\"column\" data-e-type=\"column\">\n\t\t\t<div class=\"elementor-widget-wrap elementor-element-populated\">\n\t\t\t\t\t\t<section class=\"elementor-section elementor-inner-section elementor-element elementor-element-0ca3106 elementor-section-boxed elementor-section-height-default elementor-section-height-default\" data-id=\"0ca3106\" data-element_type=\"section\" data-e-type=\"section\">\n\t\t\t\t\t\t<div class=\"elementor-container elementor-column-gap-wide\">\n\t\t\t\t\t<div class=\"elementor-column elementor-col-50 elementor-inner-column elementor-element elementor-element-daa33fc\" data-id=\"daa33fc\" data-element_type=\"column\" data-e-type=\"column\">\n\t\t\t<div class=\"elementor-widget-wrap elementor-element-populated\">\n\t\t\t\t\t\t<div class=\"elementor-element elementor-element-1054d66 elementor-widget elementor-widget-image\" data-id=\"1054d66\" data-element_type=\"widget\" data-e-type=\"widget\" data-widget_type=\"image.default\">\n\t\t\t\t<div class=\"elementor-widget-container\">\n\t\t\t\t\t\t\t\t\t\t\t\t\t\t\t<img fetchpriority=\"high\" decoding=\"async\" width=\"1024\" height=\"1024\" src=\"https:\/\/enkor.se\/wp-content\/uploads\/2021\/11\/2021-11-12-daysonearth_small-1024x1024.jpg\" class=\"attachment-large size-large wp-image-1009\" alt=\"\" srcset=\"https:\/\/enkor.se\/wp-content\/uploads\/2021\/11\/2021-11-12-daysonearth_small.jpg 1024w, https:\/\/enkor.se\/wp-content\/uploads\/2021\/11\/2021-11-12-daysonearth_small-300x300.jpg 300w, https:\/\/enkor.se\/wp-content\/uploads\/2021\/11\/2021-11-12-daysonearth_small-150x150.jpg 150w, https:\/\/enkor.se\/wp-content\/uploads\/2021\/11\/2021-11-12-daysonearth_small-768x768.jpg 768w, https:\/\/enkor.se\/wp-content\/uploads\/2021\/11\/2021-11-12-daysonearth_small-12x12.jpg 12w\" sizes=\"(max-width: 1024px) 100vw, 1024px\" \/>\t\t\t\t\t\t\t\t\t\t\t\t\t\t\t<\/div>\n\t\t\t\t<\/div>\n\t\t\t\t\t<\/div>\n\t\t<\/div>\n\t\t\t\t<div class=\"elementor-column elementor-col-50 elementor-inner-column elementor-element elementor-element-c29ef3d\" data-id=\"c29ef3d\" data-element_type=\"column\" data-e-type=\"column\">\n\t\t\t<div class=\"elementor-widget-wrap elementor-element-populated\">\n\t\t\t\t\t\t<div class=\"elementor-element elementor-element-af6132c elementor-widget elementor-widget-text-editor\" data-id=\"af6132c\" data-element_type=\"widget\" data-e-type=\"widget\" data-widget_type=\"text-editor.default\">\n\t\t\t\t<div class=\"elementor-widget-container\">\n\t\t\t\t\t\t\t\t\t<p>En K\u00f6r's first album <em>Days on Earth<\/em> was released in 2021. It contains five tracks:<\/p><ol><li><em>Dieu! qui&#8217;l la fait bon regarder<\/em> by Claude Debussy<\/li><li><em>Do not go gentle<\/em> by David Childs<\/li><li><em>M\u00e4nskans dagar \u00e4r som gr\u00e4set<\/em> by Ulf L\u00e5ngbacka<\/li><li style=\"font-size: 16px;\"><span style=\"font-size: 16px; font-style: italic;\">Sagastipean<\/span>\u00a0by Javier Busto<\/li><li><em>Tykus tykus<\/em> by Vaclovas Augustinas<\/li><\/ol><p>The first three tracks were recorded in the autumn of 2019, in B\u00e4linge kyrka outside of Uppsala, Sweden. The two last tracks are from the choir's video project during the autumn of 2020. The first three tracks are also available as singles.<\/p><p>Album cover by <a href=\"https:\/\/www.ceciliaborjeson.com\" target=\"_blank\" rel=\"noopener\">Cecilia B\u00f6rjeson<\/a>.<\/p>\t\t\t\t\t\t\t\t<\/div>\n\t\t\t\t<\/div>\n\t\t\t\t<div class=\"elementor-element elementor-element-9e45df0 elementor-shape-circle elementor-grid-0 e-grid-align-center elementor-widget elementor-widget-social-icons\" data-id=\"9e45df0\" data-element_type=\"widget\" data-e-type=\"widget\" data-widget_type=\"social-icons.default\">\n\t\t\t\t<div class=\"elementor-widget-container\">\n\t\t\t\t\t\t\t<div class=\"elementor-social-icons-wrapper elementor-grid\" role=\"list\">\n\t\t\t\t\t\t\t<span class=\"elementor-grid-item\" role=\"listitem\">\n\t\t\t\t\t<a class=\"elementor-icon elementor-social-icon elementor-social-icon-spotify elementor-repeater-item-a4b78b8\" href=\"https:\/\/open.spotify.com\/album\/4A17UkgBOPYCLIVl5ItFlm\" target=\"_blank\" rel=\"noopener\">\n\t\t\t\t\t\t<span class=\"elementor-screen-only\">Spotify<\/span>\n\t\t\t\t\t\t<i aria-hidden=\"true\" class=\"fab fa-spotify\"><\/i>\t\t\t\t\t<\/a>\n\t\t\t\t<\/span>\n\t\t\t\t\t\t\t<span class=\"elementor-grid-item\" role=\"listitem\">\n\t\t\t\t\t<a class=\"elementor-icon elementor-social-icon elementor-social-icon-apple elementor-repeater-item-83dfe72\" href=\"https:\/\/music.apple.com\/se\/album\/days-on-earth-ep\/1596148819?l=en\" target=\"_blank\" rel=\"noopener\">\n\t\t\t\t\t\t<span class=\"elementor-screen-only\">Apple<\/span>\n\t\t\t\t\t\t<i aria-hidden=\"true\" class=\"fab fa-apple\"><\/i>\t\t\t\t\t<\/a>\n\t\t\t\t<\/span>\n\t\t\t\t\t\t\t<span class=\"elementor-grid-item\" role=\"listitem\">\n\t\t\t\t\t<a class=\"elementor-icon elementor-social-icon elementor-social-icon-youtube elementor-repeater-item-5de51bb\" href=\"https:\/\/music.youtube.com\/playlist?list=OLAK5uy_nCMEAKYRZQ9muMsJ2p3fTq02j81qxw9d8&#038;feature=share\" target=\"_blank\" rel=\"noopener\">\n\t\t\t\t\t\t<span class=\"elementor-screen-only\">Youtube<\/span>\n\t\t\t\t\t\t<i aria-hidden=\"true\" class=\"fab fa-youtube\"><\/i>\t\t\t\t\t<\/a>\n\t\t\t\t<\/span>\n\t\t\t\t\t\t\t<span class=\"elementor-grid-item\" role=\"listitem\">\n\t\t\t\t\t<a class=\"elementor-icon elementor-social-icon elementor-social-icon-amazon elementor-repeater-item-1d76139\" href=\"https:\/\/music.amazon.com\/albums\/B09M796NRB?\" target=\"_blank\" rel=\"noopener\">\n\t\t\t\t\t\t<span class=\"elementor-screen-only\">Amazon<\/span>\n\t\t\t\t\t\t<i aria-hidden=\"true\" class=\"fab fa-amazon\"><\/i>\t\t\t\t\t<\/a>\n\t\t\t\t<\/span>\n\t\t\t\t\t\t\t<span class=\"elementor-grid-item\" role=\"listitem\">\n\t\t\t\t\t<a class=\"elementor-icon elementor-social-icon elementor-social-icon-deezer elementor-repeater-item-ab6ad49\" href=\"https:\/\/deezer.page.link\/h2dQQxAeE83Sh2Ci8\" target=\"_blank\" rel=\"noopener\">\n\t\t\t\t\t\t<span class=\"elementor-screen-only\">Deezer<\/span>\n\t\t\t\t\t\t<i aria-hidden=\"true\" class=\"fab fa-deezer\"><\/i>\t\t\t\t\t<\/a>\n\t\t\t\t<\/span>\n\t\t\t\t\t<\/div>\n\t\t\t\t\t\t<\/div>\n\t\t\t\t<\/div>\n\t\t\t\t\t<\/div>\n\t\t<\/div>\n\t\t\t\t\t<\/div>\n\t\t<\/section>\n\t\t\t\t\t<\/div>\n\t\t<\/div>\n\t\t\t\t\t<\/div>\n\t\t<\/section>\n\t\t\t\t<section class=\"elementor-section elementor-top-section elementor-element elementor-element-9d8542d elementor-section-boxed elementor-section-height-default elementor-section-height-default\" data-id=\"9d8542d\" data-element_type=\"section\" data-e-type=\"section\">\n\t\t\t\t\t\t<div class=\"elementor-container elementor-column-gap-wide\">\n\t\t\t\t\t<div class=\"elementor-column elementor-col-33 elementor-top-column elementor-element elementor-element-5474536\" data-id=\"5474536\" data-element_type=\"column\" data-e-type=\"column\">\n\t\t\t<div class=\"elementor-widget-wrap elementor-element-populated\">\n\t\t\t\t\t\t<div class=\"elementor-element elementor-element-8c9ac26 elementor-widget elementor-widget-heading\" data-id=\"8c9ac26\" data-element_type=\"widget\" data-e-type=\"widget\" data-widget_type=\"heading.default\">\n\t\t\t\t<div class=\"elementor-widget-container\">\n\t\t\t\t\t<h3 class=\"elementor-heading-title elementor-size-default\">Diue! qui'l la fait bon regarder<\/h3>\t\t\t\t<\/div>\n\t\t\t\t<\/div>\n\t\t\t\t<div class=\"elementor-element elementor-element-14a3abb elementor-widget elementor-widget-image\" data-id=\"14a3abb\" data-element_type=\"widget\" data-e-type=\"widget\" data-widget_type=\"image.default\">\n\t\t\t\t<div class=\"elementor-widget-container\">\n\t\t\t\t\t\t\t\t\t\t\t\t\t\t\t<img decoding=\"async\" width=\"1024\" height=\"1024\" src=\"https:\/\/enkor.se\/wp-content\/uploads\/2021\/11\/2021-11-15-dieu_liten-1024x1024.jpg\" class=\"attachment-large size-large wp-image-1122\" alt=\"\" srcset=\"https:\/\/enkor.se\/wp-content\/uploads\/2021\/11\/2021-11-15-dieu_liten.jpg 1024w, https:\/\/enkor.se\/wp-content\/uploads\/2021\/11\/2021-11-15-dieu_liten-300x300.jpg 300w, https:\/\/enkor.se\/wp-content\/uploads\/2021\/11\/2021-11-15-dieu_liten-150x150.jpg 150w, https:\/\/enkor.se\/wp-content\/uploads\/2021\/11\/2021-11-15-dieu_liten-768x768.jpg 768w, https:\/\/enkor.se\/wp-content\/uploads\/2021\/11\/2021-11-15-dieu_liten-12x12.jpg 12w\" sizes=\"(max-width: 1024px) 100vw, 1024px\" \/>\t\t\t\t\t\t\t\t\t\t\t\t\t\t\t<\/div>\n\t\t\t\t<\/div>\n\t\t\t\t\t<\/div>\n\t\t<\/div>\n\t\t\t\t<div class=\"elementor-column elementor-col-33 elementor-top-column elementor-element elementor-element-f6966b0\" data-id=\"f6966b0\" data-element_type=\"column\" data-e-type=\"column\">\n\t\t\t<div class=\"elementor-widget-wrap elementor-element-populated\">\n\t\t\t\t\t\t<div class=\"elementor-element elementor-element-94df421 elementor-widget elementor-widget-heading\" data-id=\"94df421\" data-element_type=\"widget\" data-e-type=\"widget\" data-widget_type=\"heading.default\">\n\t\t\t\t<div class=\"elementor-widget-container\">\n\t\t\t\t\t<h3 class=\"elementor-heading-title elementor-size-default\">Do not go gentle<\/h3>\t\t\t\t<\/div>\n\t\t\t\t<\/div>\n\t\t\t\t<div class=\"elementor-element elementor-element-b8cda38 elementor-widget elementor-widget-image\" data-id=\"b8cda38\" data-element_type=\"widget\" data-e-type=\"widget\" data-widget_type=\"image.default\">\n\t\t\t\t<div class=\"elementor-widget-container\">\n\t\t\t\t\t\t\t\t\t\t\t\t\t\t\t<img decoding=\"async\" width=\"1024\" height=\"1024\" src=\"https:\/\/enkor.se\/wp-content\/uploads\/2021\/11\/2021-11-15-do-not_liten-1024x1024.jpg\" class=\"attachment-large size-large wp-image-1123\" alt=\"\" srcset=\"https:\/\/enkor.se\/wp-content\/uploads\/2021\/11\/2021-11-15-do-not_liten.jpg 1024w, https:\/\/enkor.se\/wp-content\/uploads\/2021\/11\/2021-11-15-do-not_liten-300x300.jpg 300w, https:\/\/enkor.se\/wp-content\/uploads\/2021\/11\/2021-11-15-do-not_liten-150x150.jpg 150w, https:\/\/enkor.se\/wp-content\/uploads\/2021\/11\/2021-11-15-do-not_liten-768x768.jpg 768w, https:\/\/enkor.se\/wp-content\/uploads\/2021\/11\/2021-11-15-do-not_liten-12x12.jpg 12w\" sizes=\"(max-width: 1024px) 100vw, 1024px\" \/>\t\t\t\t\t\t\t\t\t\t\t\t\t\t\t<\/div>\n\t\t\t\t<\/div>\n\t\t\t\t\t<\/div>\n\t\t<\/div>\n\t\t\t\t<div class=\"elementor-column elementor-col-33 elementor-top-column elementor-element elementor-element-0dfc581\" data-id=\"0dfc581\" data-element_type=\"column\" data-e-type=\"column\">\n\t\t\t<div class=\"elementor-widget-wrap elementor-element-populated\">\n\t\t\t\t\t\t<div class=\"elementor-element elementor-element-8bfb405 elementor-widget elementor-widget-heading\" data-id=\"8bfb405\" data-element_type=\"widget\" data-e-type=\"widget\" data-widget_type=\"heading.default\">\n\t\t\t\t<div class=\"elementor-widget-container\">\n\t\t\t\t\t<h3 class=\"elementor-heading-title elementor-size-default\">M\u00e4nskans dagar \u00e4r som gr\u00e4set<\/h3>\t\t\t\t<\/div>\n\t\t\t\t<\/div>\n\t\t\t\t<div class=\"elementor-element elementor-element-4a74352 elementor-widget elementor-widget-image\" data-id=\"4a74352\" data-element_type=\"widget\" data-e-type=\"widget\" data-widget_type=\"image.default\">\n\t\t\t\t<div class=\"elementor-widget-container\">\n\t\t\t\t\t\t\t\t\t\t\t\t\t\t\t<img loading=\"lazy\" decoding=\"async\" width=\"1024\" height=\"1024\" src=\"https:\/\/enkor.se\/wp-content\/uploads\/2021\/11\/2021-11-15-manskans-dagar_liten-1024x1024.jpg\" class=\"attachment-large size-large wp-image-1124\" alt=\"\" srcset=\"https:\/\/enkor.se\/wp-content\/uploads\/2021\/11\/2021-11-15-manskans-dagar_liten.jpg 1024w, https:\/\/enkor.se\/wp-content\/uploads\/2021\/11\/2021-11-15-manskans-dagar_liten-300x300.jpg 300w, https:\/\/enkor.se\/wp-content\/uploads\/2021\/11\/2021-11-15-manskans-dagar_liten-150x150.jpg 150w, https:\/\/enkor.se\/wp-content\/uploads\/2021\/11\/2021-11-15-manskans-dagar_liten-768x768.jpg 768w, https:\/\/enkor.se\/wp-content\/uploads\/2021\/11\/2021-11-15-manskans-dagar_liten-12x12.jpg 12w\" sizes=\"(max-width: 1024px) 100vw, 1024px\" \/>\t\t\t\t\t\t\t\t\t\t\t\t\t\t\t<\/div>\n\t\t\t\t<\/div>\n\t\t\t\t\t<\/div>\n\t\t<\/div>\n\t\t\t\t\t<\/div>\n\t\t<\/section>\n\t\t\t\t<\/div>","protected":false},"excerpt":{"rendered":"<p>Days on Earth En K\u00f6rs f\u00f6rsta album Days on Earth sl\u00e4pptes h\u00f6sten 2021.\u00a0Den inneh\u00e5ller fem sp\u00e5r: Dieu! qui&#8217;l la fait bon regarder av Claude Debussy Do not go gentle av David Childs M\u00e4nskans dagar \u00e4r som gr\u00e4set av Ulf L\u00e5ngbacka Sagastipean\u00a0av Javier Busto Tykus tykus av Vaclovas Augustinas De f\u00f6rsta tre l\u00e5tarna spelades in en [&hellip;]<\/p>\n","protected":false},"author":2,"featured_media":0,"parent":0,"menu_order":0,"comment_status":"closed","ping_status":"closed","template":"","meta":{"_monsterinsights_skip_tracking":false,"_monsterinsights_sitenote_active":false,"_monsterinsights_sitenote_note":"","_monsterinsights_sitenote_category":0,"site-sidebar-layout":"no-sidebar","site-content-layout":"page-builder","ast-site-content-layout":"default","site-content-style":"default","site-sidebar-style":"default","ast-global-header-display":"","ast-banner-title-visibility":"","ast-main-header-display":"","ast-hfb-above-header-display":"","ast-hfb-below-header-display":"","ast-hfb-mobile-header-display":"","site-post-title":"disabled","ast-breadcrumbs-content":"","ast-featured-img":"disabled","footer-sml-layout":"","ast-disable-related-posts":"","theme-transparent-header-meta":"enabled","adv-header-id-meta":"","stick-header-meta":"","header-above-stick-meta":"","header-main-stick-meta":"","header-below-stick-meta":"","astra-migrate-meta-layouts":"default","ast-page-background-enabled":"default","ast-page-background-meta":{"desktop":{"background-color":"","background-image":"","background-repeat":"repeat","background-position":"center center","background-size":"auto","background-attachment":"scroll","background-type":"","background-media":"","overlay-type":"","overlay-color":"","overlay-opacity":"","overlay-gradient":""},"tablet":{"background-color":"","background-image":"","background-repeat":"repeat","background-position":"center center","background-size":"auto","background-attachment":"scroll","background-type":"","background-media":"","overlay-type":"","overlay-color":"","overlay-opacity":"","overlay-gradient":""},"mobile":{"background-color":"","background-image":"","background-repeat":"repeat","background-position":"center center","background-size":"auto","background-attachment":"scroll","background-type":"","background-media":"","overlay-type":"","overlay-color":"","overlay-opacity":"","overlay-gradient":""}},"ast-content-background-meta":{"desktop":{"background-color":"var(--ast-global-color-5)","background-image":"","background-repeat":"repeat","background-position":"center center","background-size":"auto","background-attachment":"scroll","background-type":"","background-media":"","overlay-type":"","overlay-color":"","overlay-opacity":"","overlay-gradient":""},"tablet":{"background-color":"var(--ast-global-color-5)","background-image":"","background-repeat":"repeat","background-position":"center center","background-size":"auto","background-attachment":"scroll","background-type":"","background-media":"","overlay-type":"","overlay-color":"","overlay-opacity":"","overlay-gradient":""},"mobile":{"background-color":"var(--ast-global-color-5)","background-image":"","background-repeat":"repeat","background-position":"center center","background-size":"auto","background-attachment":"scroll","background-type":"","background-media":"","overlay-type":"","overlay-color":"","overlay-opacity":"","overlay-gradient":""}},"footnotes":""},"class_list":["post-1008","page","type-page","status-publish","hentry"],"_links":{"self":[{"href":"https:\/\/enkor.se\/en\/wp-json\/wp\/v2\/pages\/1008","targetHints":{"allow":["GET"]}}],"collection":[{"href":"https:\/\/enkor.se\/en\/wp-json\/wp\/v2\/pages"}],"about":[{"href":"https:\/\/enkor.se\/en\/wp-json\/wp\/v2\/types\/page"}],"author":[{"embeddable":true,"href":"https:\/\/enkor.se\/en\/wp-json\/wp\/v2\/users\/2"}],"replies":[{"embeddable":true,"href":"https:\/\/enkor.se\/en\/wp-json\/wp\/v2\/comments?post=1008"}],"version-history":[{"count":13,"href":"https:\/\/enkor.se\/en\/wp-json\/wp\/v2\/pages\/1008\/revisions"}],"predecessor-version":[{"id":1667,"href":"https:\/\/enkor.se\/en\/wp-json\/wp\/v2\/pages\/1008\/revisions\/1667"}],"wp:attachment":[{"href":"https:\/\/enkor.se\/en\/wp-json\/wp\/v2\/media?parent=1008"}],"curies":[{"name":"wp","href":"https:\/\/api.w.org\/{rel}","templated":true}]}}