{"id":1435,"date":"2022-12-10T14:20:49","date_gmt":"2022-12-10T14:20:49","guid":{"rendered":"https:\/\/enkor.se\/?page_id=1435"},"modified":"2023-04-05T16:49:41","modified_gmt":"2023-04-05T16:49:41","slug":"julsang","status":"publish","type":"page","link":"https:\/\/enkor.se\/en\/julsang\/","title":{"rendered":"Juls\u00e5ng"},"content":{"rendered":"<div data-elementor-type=\"wp-page\" data-elementor-id=\"1435\" class=\"elementor elementor-1435\">\n\t\t\t\t\t\t<section class=\"elementor-section elementor-top-section elementor-element elementor-element-28e25d47 elementor-section-boxed elementor-section-height-default elementor-section-height-default\" data-id=\"28e25d47\" data-element_type=\"section\" data-e-type=\"section\" data-settings=\"{&quot;background_background&quot;:&quot;classic&quot;}\">\n\t\t\t\t\t\t\t<div class=\"elementor-background-overlay\"><\/div>\n\t\t\t\t\t\t\t<div class=\"elementor-container elementor-column-gap-default\">\n\t\t\t\t\t<div class=\"elementor-column elementor-col-33 elementor-top-column elementor-element elementor-element-6be01cc1\" data-id=\"6be01cc1\" data-element_type=\"column\" data-e-type=\"column\">\n\t\t\t<div class=\"elementor-widget-wrap\">\n\t\t\t\t\t\t\t<\/div>\n\t\t<\/div>\n\t\t\t\t<div class=\"elementor-column elementor-col-33 elementor-top-column elementor-element elementor-element-7cd30349\" data-id=\"7cd30349\" data-element_type=\"column\" data-e-type=\"column\">\n\t\t\t<div class=\"elementor-widget-wrap elementor-element-populated\">\n\t\t\t\t\t\t<div class=\"elementor-element elementor-element-9f73b31 elementor-widget elementor-widget-heading\" data-id=\"9f73b31\" data-element_type=\"widget\" data-e-type=\"widget\" data-widget_type=\"heading.default\">\n\t\t\t\t<div class=\"elementor-widget-container\">\n\t\t\t\t\t<h1 class=\"elementor-heading-title elementor-size-default\">Juls\u00e5ng<\/h1>\t\t\t\t<\/div>\n\t\t\t\t<\/div>\n\t\t\t\t\t<\/div>\n\t\t<\/div>\n\t\t\t\t<div class=\"elementor-column elementor-col-33 elementor-top-column elementor-element elementor-element-f8e51c2\" data-id=\"f8e51c2\" data-element_type=\"column\" data-e-type=\"column\">\n\t\t\t<div class=\"elementor-widget-wrap\">\n\t\t\t\t\t\t\t<\/div>\n\t\t<\/div>\n\t\t\t\t\t<\/div>\n\t\t<\/section>\n\t\t\t\t<section class=\"elementor-section elementor-top-section elementor-element elementor-element-6faeb8f7 elementor-section-boxed elementor-section-height-default elementor-section-height-default\" data-id=\"6faeb8f7\" data-element_type=\"section\" data-e-type=\"section\">\n\t\t\t\t\t\t<div class=\"elementor-container elementor-column-gap-default\">\n\t\t\t\t\t<div class=\"elementor-column elementor-col-100 elementor-top-column elementor-element elementor-element-3dad3cbd\" data-id=\"3dad3cbd\" data-element_type=\"column\" data-e-type=\"column\">\n\t\t\t<div class=\"elementor-widget-wrap elementor-element-populated\">\n\t\t\t\t\t\t<section class=\"elementor-section elementor-inner-section elementor-element elementor-element-71252d0d elementor-section-boxed elementor-section-height-default elementor-section-height-default\" data-id=\"71252d0d\" data-element_type=\"section\" data-e-type=\"section\">\n\t\t\t\t\t\t<div class=\"elementor-container elementor-column-gap-wide\">\n\t\t\t\t\t<div class=\"elementor-column elementor-col-50 elementor-inner-column elementor-element elementor-element-60c913a\" data-id=\"60c913a\" data-element_type=\"column\" data-e-type=\"column\">\n\t\t\t<div class=\"elementor-widget-wrap elementor-element-populated\">\n\t\t\t\t\t\t<div class=\"elementor-element elementor-element-4817bc28 elementor-widget elementor-widget-image\" data-id=\"4817bc28\" data-element_type=\"widget\" data-e-type=\"widget\" data-widget_type=\"image.default\">\n\t\t\t\t<div class=\"elementor-widget-container\">\n\t\t\t\t\t\t\t\t\t\t\t\t\t\t\t<img fetchpriority=\"high\" decoding=\"async\" width=\"1024\" height=\"1024\" src=\"https:\/\/enkor.se\/wp-content\/uploads\/2022\/12\/Julsang-omslag-221115-1024x1024.jpg\" class=\"attachment-large size-large wp-image-1422\" alt=\"\" srcset=\"https:\/\/enkor.se\/wp-content\/uploads\/2022\/12\/Julsang-omslag-221115.jpg 1024w, https:\/\/enkor.se\/wp-content\/uploads\/2022\/12\/Julsang-omslag-221115-300x300.jpg 300w, https:\/\/enkor.se\/wp-content\/uploads\/2022\/12\/Julsang-omslag-221115-150x150.jpg 150w, https:\/\/enkor.se\/wp-content\/uploads\/2022\/12\/Julsang-omslag-221115-768x768.jpg 768w, https:\/\/enkor.se\/wp-content\/uploads\/2022\/12\/Julsang-omslag-221115-12x12.jpg 12w\" sizes=\"(max-width: 1024px) 100vw, 1024px\" \/>\t\t\t\t\t\t\t\t\t\t\t\t\t\t\t<\/div>\n\t\t\t\t<\/div>\n\t\t\t\t\t<\/div>\n\t\t<\/div>\n\t\t\t\t<div class=\"elementor-column elementor-col-50 elementor-inner-column elementor-element elementor-element-38f5e4d1\" data-id=\"38f5e4d1\" data-element_type=\"column\" data-e-type=\"column\">\n\t\t\t<div class=\"elementor-widget-wrap elementor-element-populated\">\n\t\t\t\t\t\t<div class=\"elementor-element elementor-element-4cdee82 elementor-widget elementor-widget-text-editor\" data-id=\"4cdee82\" data-element_type=\"widget\" data-e-type=\"widget\" data-widget_type=\"text-editor.default\">\n\t\t\t\t<div class=\"elementor-widget-container\">\n\t\t\t\t\t\t\t\t\t<p>What would Christmas be like without the songs? To get everyone into the proper Christmas spirit, we recorded and released a Christmas single in 2022. There are two tracks:<\/p><ol><li><em>Juls\u00e5ng<\/em> by Hugo Alfv\u00e9n<\/li><li><em>Jul, jul, str\u00e5lande jul<\/em>\u00a0by Gustaf Nordqvist<\/li><\/ol><p>These two pieces are classical Christmas songs from the Swedish choral repertoire.<\/p><p>The album cover is painted by Ellinor Bakhuizen, one of the members of En K\u00f6r.<\/p>\t\t\t\t\t\t\t\t<\/div>\n\t\t\t\t<\/div>\n\t\t\t\t<div class=\"elementor-element elementor-element-16cc509e elementor-shape-circle elementor-grid-0 e-grid-align-center elementor-widget elementor-widget-social-icons\" data-id=\"16cc509e\" data-element_type=\"widget\" data-e-type=\"widget\" data-widget_type=\"social-icons.default\">\n\t\t\t\t<div class=\"elementor-widget-container\">\n\t\t\t\t\t\t\t<div class=\"elementor-social-icons-wrapper elementor-grid\" role=\"list\">\n\t\t\t\t\t\t\t<span class=\"elementor-grid-item\" role=\"listitem\">\n\t\t\t\t\t<a class=\"elementor-icon elementor-social-icon elementor-social-icon-spotify elementor-repeater-item-a4b78b8\" href=\"https:\/\/open.spotify.com\/album\/3Gu6TFDGzkPrsrjAwqIL9q?si=8y-M9jirTTKKD2HVv1SkQw\" target=\"_blank\" rel=\"noopener\">\n\t\t\t\t\t\t<span class=\"elementor-screen-only\">Spotify<\/span>\n\t\t\t\t\t\t<i aria-hidden=\"true\" class=\"fab fa-spotify\"><\/i>\t\t\t\t\t<\/a>\n\t\t\t\t<\/span>\n\t\t\t\t\t\t\t<span class=\"elementor-grid-item\" role=\"listitem\">\n\t\t\t\t\t<a class=\"elementor-icon elementor-social-icon elementor-social-icon-youtube elementor-repeater-item-5de51bb\" href=\"https:\/\/youtube.com\/playlist?list=OLAK5uy_kTBgM8W1z642U5MYKXo7RY8hzoxh4Zs-E\" target=\"_blank\" rel=\"noopener\">\n\t\t\t\t\t\t<span class=\"elementor-screen-only\">Youtube<\/span>\n\t\t\t\t\t\t<i aria-hidden=\"true\" class=\"fab fa-youtube\"><\/i>\t\t\t\t\t<\/a>\n\t\t\t\t<\/span>\n\t\t\t\t\t\t\t<span class=\"elementor-grid-item\" role=\"listitem\">\n\t\t\t\t\t<a class=\"elementor-icon elementor-social-icon elementor-social-icon- elementor-repeater-item-b0bf2e4\" href=\"https:\/\/tidal.com\/browse\/album\/261406958\" target=\"_blank\" rel=\"noopener\">\n\t\t\t\t\t\t<span class=\"elementor-screen-only\"><\/span>\n\t\t\t\t\t\t<svg xmlns:inkscape=\"http:\/\/www.inkscape.org\/namespaces\/inkscape\" xmlns:sodipodi=\"http:\/\/sodipodi.sourceforge.net\/DTD\/sodipodi-0.dtd\" xmlns=\"http:\/\/www.w3.org\/2000\/svg\" xmlns:svg=\"http:\/\/www.w3.org\/2000\/svg\" width=\"37.83514\" height=\"25.224098\" viewbox=\"0 0 10.010547 6.6738759\" id=\"svg27\" sodipodi:docname=\"Tidal_(service)_logo.svg\" inkscape:version=\"1.2.2 (b0a8486, 2022-12-01)\"><defs id=\"defs5\"><clippath id=\"a\" clippathunits=\"userSpaceOnUse\"><path d=\"M 0,0 H 612 V 792 H 0 Z\" id=\"path2\"><\/path><\/clippath><\/defs><path style=\"fill:#100f0d;fill-opacity:1;fill-rule:nonzero;stroke:none;stroke-width:0.35278\" d=\"M 6.673834,1.6681566 5.0055374,3.336806 3.336888,1.6681566 5.0055374,2.1279e-4 Z\" id=\"path19\"><\/path><path style=\"fill:#100f0d;fill-opacity:1;fill-rule:nonzero;stroke:none;stroke-width:0.35278\" d=\"M 6.673834,5.0052266 5.0055374,6.673876 3.336888,5.0052266 5.0055374,3.3365772 Z\" id=\"path21\"><\/path><path style=\"fill:#100f0d;fill-opacity:1;fill-rule:nonzero;stroke:none;stroke-width:0.35278\" d=\"M 3.336946,1.6682966 1.6682966,3.336946 -2.0000001e-8,1.6682966 1.6682966,0 Z\" id=\"path23\"><\/path><path style=\"fill:#100f0d;fill-opacity:1;fill-rule:nonzero;stroke:none;stroke-width:0.35278\" d=\"M 10.010547,1.6682966 8.34225,3.336946 6.6736006,1.6682966 8.34225,0 Z\" id=\"path25\"><\/path><\/svg>\t\t\t\t\t<\/a>\n\t\t\t\t<\/span>\n\t\t\t\t\t\t\t<span class=\"elementor-grid-item\" role=\"listitem\">\n\t\t\t\t\t<a class=\"elementor-icon elementor-social-icon elementor-social-icon-deezer elementor-repeater-item-ab6ad49\" href=\"https:\/\/deezer.page.link\/jD7QaxpQzL5LwDbs8\" target=\"_blank\" rel=\"noopener\">\n\t\t\t\t\t\t<span class=\"elementor-screen-only\">Deezer<\/span>\n\t\t\t\t\t\t<i aria-hidden=\"true\" class=\"fab fa-deezer\"><\/i>\t\t\t\t\t<\/a>\n\t\t\t\t<\/span>\n\t\t\t\t\t\t\t<span class=\"elementor-grid-item\" role=\"listitem\">\n\t\t\t\t\t<a class=\"elementor-icon elementor-social-icon elementor-social-icon-apple elementor-repeater-item-e00f38c\" href=\"https:\/\/music.apple.com\/se\/album\/juls%C3%A5ng-single\/1658536846\" target=\"_blank\" rel=\"noopener\">\n\t\t\t\t\t\t<span class=\"elementor-screen-only\">Apple<\/span>\n\t\t\t\t\t\t<i aria-hidden=\"true\" class=\"fab fa-apple\"><\/i>\t\t\t\t\t<\/a>\n\t\t\t\t<\/span>\n\t\t\t\t\t<\/div>\n\t\t\t\t\t\t<\/div>\n\t\t\t\t<\/div>\n\t\t\t\t\t<\/div>\n\t\t<\/div>\n\t\t\t\t\t<\/div>\n\t\t<\/section>\n\t\t\t\t\t<\/div>\n\t\t<\/div>\n\t\t\t\t\t<\/div>\n\t\t<\/section>\n\t\t\t\t<\/div>","protected":false},"excerpt":{"rendered":"<p>Juls\u00e5ng Vad \u00e4r v\u00e4l en jul utan juls\u00e5nger? F\u00f6r att sprida julst\u00e4mning spelade vi under 2022 in och sl\u00e4ppte en julsingel. Den inneh\u00e5ller tv\u00e5 sp\u00e5r: Juls\u00e5ng av Hugo Alfv\u00e9n Jul, jul, str\u00e5lande jul\u00a0av Gustaf Nordqvist Dessa tv\u00e5 stycken \u00e4r riktiga julklassiker inom den svenska k\u00f6rlyriken. Omslagsbilden \u00e4r m\u00e5lad av en av k\u00f6rens medlemmar, Ellinor Bakhuizen. [&hellip;]<\/p>\n","protected":false},"author":2,"featured_media":0,"parent":0,"menu_order":0,"comment_status":"closed","ping_status":"closed","template":"","meta":{"_monsterinsights_skip_tracking":false,"_monsterinsights_sitenote_active":false,"_monsterinsights_sitenote_note":"","_monsterinsights_sitenote_category":0,"site-sidebar-layout":"no-sidebar","site-content-layout":"page-builder","ast-site-content-layout":"default","site-content-style":"default","site-sidebar-style":"default","ast-global-header-display":"","ast-banner-title-visibility":"","ast-main-header-display":"","ast-hfb-above-header-display":"","ast-hfb-below-header-display":"","ast-hfb-mobile-header-display":"","site-post-title":"disabled","ast-breadcrumbs-content":"","ast-featured-img":"disabled","footer-sml-layout":"","ast-disable-related-posts":"","theme-transparent-header-meta":"enabled","adv-header-id-meta":"","stick-header-meta":"","header-above-stick-meta":"","header-main-stick-meta":"","header-below-stick-meta":"","astra-migrate-meta-layouts":"default","ast-page-background-enabled":"default","ast-page-background-meta":{"desktop":{"background-color":"","background-image":"","background-repeat":"repeat","background-position":"center center","background-size":"auto","background-attachment":"scroll","background-type":"","background-media":"","overlay-type":"","overlay-color":"","overlay-opacity":"","overlay-gradient":""},"tablet":{"background-color":"","background-image":"","background-repeat":"repeat","background-position":"center center","background-size":"auto","background-attachment":"scroll","background-type":"","background-media":"","overlay-type":"","overlay-color":"","overlay-opacity":"","overlay-gradient":""},"mobile":{"background-color":"","background-image":"","background-repeat":"repeat","background-position":"center center","background-size":"auto","background-attachment":"scroll","background-type":"","background-media":"","overlay-type":"","overlay-color":"","overlay-opacity":"","overlay-gradient":""}},"ast-content-background-meta":{"desktop":{"background-color":"var(--ast-global-color-5)","background-image":"","background-repeat":"repeat","background-position":"center center","background-size":"auto","background-attachment":"scroll","background-type":"","background-media":"","overlay-type":"","overlay-color":"","overlay-opacity":"","overlay-gradient":""},"tablet":{"background-color":"var(--ast-global-color-5)","background-image":"","background-repeat":"repeat","background-position":"center center","background-size":"auto","background-attachment":"scroll","background-type":"","background-media":"","overlay-type":"","overlay-color":"","overlay-opacity":"","overlay-gradient":""},"mobile":{"background-color":"var(--ast-global-color-5)","background-image":"","background-repeat":"repeat","background-position":"center center","background-size":"auto","background-attachment":"scroll","background-type":"","background-media":"","overlay-type":"","overlay-color":"","overlay-opacity":"","overlay-gradient":""}},"footnotes":""},"class_list":["post-1435","page","type-page","status-publish","hentry"],"_links":{"self":[{"href":"https:\/\/enkor.se\/en\/wp-json\/wp\/v2\/pages\/1435","targetHints":{"allow":["GET"]}}],"collection":[{"href":"https:\/\/enkor.se\/en\/wp-json\/wp\/v2\/pages"}],"about":[{"href":"https:\/\/enkor.se\/en\/wp-json\/wp\/v2\/types\/page"}],"author":[{"embeddable":true,"href":"https:\/\/enkor.se\/en\/wp-json\/wp\/v2\/users\/2"}],"replies":[{"embeddable":true,"href":"https:\/\/enkor.se\/en\/wp-json\/wp\/v2\/comments?post=1435"}],"version-history":[{"count":29,"href":"https:\/\/enkor.se\/en\/wp-json\/wp\/v2\/pages\/1435\/revisions"}],"predecessor-version":[{"id":1592,"href":"https:\/\/enkor.se\/en\/wp-json\/wp\/v2\/pages\/1435\/revisions\/1592"}],"wp:attachment":[{"href":"https:\/\/enkor.se\/en\/wp-json\/wp\/v2\/media?parent=1435"}],"curies":[{"name":"wp","href":"https:\/\/api.w.org\/{rel}","templated":true}]}}