{"id":1554,"date":"2023-04-02T11:41:32","date_gmt":"2023-04-02T11:41:32","guid":{"rendered":"https:\/\/enkor.se\/?page_id=1554"},"modified":"2023-04-14T06:23:08","modified_gmt":"2023-04-14T06:23:08","slug":"laughter-and-tears","status":"publish","type":"page","link":"https:\/\/enkor.se\/en\/laughter-and-tears\/","title":{"rendered":"Laughter and Tears"},"content":{"rendered":"<div data-elementor-type=\"wp-page\" data-elementor-id=\"1554\" class=\"elementor elementor-1554\">\n\t\t\t\t\t\t<section class=\"elementor-section elementor-top-section elementor-element elementor-element-10ba927c elementor-section-boxed elementor-section-height-default elementor-section-height-default\" data-id=\"10ba927c\" data-element_type=\"section\" data-e-type=\"section\" data-settings=\"{&quot;background_background&quot;:&quot;classic&quot;}\">\n\t\t\t\t\t\t\t<div class=\"elementor-background-overlay\"><\/div>\n\t\t\t\t\t\t\t<div class=\"elementor-container elementor-column-gap-default\">\n\t\t\t\t\t<div class=\"elementor-column elementor-col-33 elementor-top-column elementor-element elementor-element-5f76465c\" data-id=\"5f76465c\" data-element_type=\"column\" data-e-type=\"column\">\n\t\t\t<div class=\"elementor-widget-wrap\">\n\t\t\t\t\t\t\t<\/div>\n\t\t<\/div>\n\t\t\t\t<div class=\"elementor-column elementor-col-33 elementor-top-column elementor-element elementor-element-3b954f9f\" data-id=\"3b954f9f\" data-element_type=\"column\" data-e-type=\"column\">\n\t\t\t<div class=\"elementor-widget-wrap elementor-element-populated\">\n\t\t\t\t\t\t<div class=\"elementor-element elementor-element-244014c9 elementor-widget elementor-widget-heading\" data-id=\"244014c9\" data-element_type=\"widget\" data-e-type=\"widget\" data-widget_type=\"heading.default\">\n\t\t\t\t<div class=\"elementor-widget-container\">\n\t\t\t\t\t<h1 class=\"elementor-heading-title elementor-size-default\">Laughter &amp; tears<\/h1>\t\t\t\t<\/div>\n\t\t\t\t<\/div>\n\t\t\t\t\t<\/div>\n\t\t<\/div>\n\t\t\t\t<div class=\"elementor-column elementor-col-33 elementor-top-column elementor-element elementor-element-580d5d7c\" data-id=\"580d5d7c\" data-element_type=\"column\" data-e-type=\"column\">\n\t\t\t<div class=\"elementor-widget-wrap\">\n\t\t\t\t\t\t\t<\/div>\n\t\t<\/div>\n\t\t\t\t\t<\/div>\n\t\t<\/section>\n\t\t\t\t<section class=\"elementor-section elementor-top-section elementor-element elementor-element-39d6c220 elementor-section-boxed elementor-section-height-default elementor-section-height-default\" data-id=\"39d6c220\" data-element_type=\"section\" data-e-type=\"section\">\n\t\t\t\t\t\t<div class=\"elementor-container elementor-column-gap-default\">\n\t\t\t\t\t<div class=\"elementor-column elementor-col-100 elementor-top-column elementor-element elementor-element-2a69b02d\" data-id=\"2a69b02d\" data-element_type=\"column\" data-e-type=\"column\">\n\t\t\t<div class=\"elementor-widget-wrap elementor-element-populated\">\n\t\t\t\t\t\t<section class=\"elementor-section elementor-inner-section elementor-element elementor-element-743d5dcc elementor-section-boxed elementor-section-height-default elementor-section-height-default\" data-id=\"743d5dcc\" data-element_type=\"section\" data-e-type=\"section\">\n\t\t\t\t\t\t<div class=\"elementor-container elementor-column-gap-wide\">\n\t\t\t\t\t<div class=\"elementor-column elementor-col-50 elementor-inner-column elementor-element elementor-element-122f0b91\" data-id=\"122f0b91\" data-element_type=\"column\" data-e-type=\"column\">\n\t\t\t<div class=\"elementor-widget-wrap elementor-element-populated\">\n\t\t\t\t\t\t<div class=\"elementor-element elementor-element-5c461e55 elementor-widget elementor-widget-image\" data-id=\"5c461e55\" data-element_type=\"widget\" data-e-type=\"widget\" data-widget_type=\"image.default\">\n\t\t\t\t<div class=\"elementor-widget-container\">\n\t\t\t\t\t\t\t\t\t\t\t\t\t\t\t<img fetchpriority=\"high\" decoding=\"async\" width=\"1024\" height=\"1024\" src=\"https:\/\/enkor.se\/wp-content\/uploads\/2023\/04\/Laughter-and-tears-tuschpenna-20230322_FINAL-1024x1024.jpg\" class=\"attachment-large size-large wp-image-1556\" alt=\"\" srcset=\"https:\/\/enkor.se\/wp-content\/uploads\/2023\/04\/Laughter-and-tears-tuschpenna-20230322_FINAL.jpg 1024w, https:\/\/enkor.se\/wp-content\/uploads\/2023\/04\/Laughter-and-tears-tuschpenna-20230322_FINAL-300x300.jpg 300w, https:\/\/enkor.se\/wp-content\/uploads\/2023\/04\/Laughter-and-tears-tuschpenna-20230322_FINAL-150x150.jpg 150w, https:\/\/enkor.se\/wp-content\/uploads\/2023\/04\/Laughter-and-tears-tuschpenna-20230322_FINAL-768x768.jpg 768w, https:\/\/enkor.se\/wp-content\/uploads\/2023\/04\/Laughter-and-tears-tuschpenna-20230322_FINAL-12x12.jpg 12w\" sizes=\"(max-width: 1024px) 100vw, 1024px\" \/>\t\t\t\t\t\t\t\t\t\t\t\t\t\t\t<\/div>\n\t\t\t\t<\/div>\n\t\t\t\t<div class=\"elementor-element elementor-element-5c585d1e elementor-shape-circle elementor-grid-0 e-grid-align-center elementor-widget elementor-widget-social-icons\" data-id=\"5c585d1e\" data-element_type=\"widget\" data-e-type=\"widget\" data-widget_type=\"social-icons.default\">\n\t\t\t\t<div class=\"elementor-widget-container\">\n\t\t\t\t\t\t\t<div class=\"elementor-social-icons-wrapper elementor-grid\" role=\"list\">\n\t\t\t\t\t\t\t<span class=\"elementor-grid-item\" role=\"listitem\">\n\t\t\t\t\t<a class=\"elementor-icon elementor-social-icon elementor-social-icon-spotify elementor-repeater-item-a4b78b8\" href=\"https:\/\/open.spotify.com\/album\/0Hf83k53cJu7eyfQa0DyGv\" target=\"_blank\" rel=\"noopener\">\n\t\t\t\t\t\t<span class=\"elementor-screen-only\">Spotify<\/span>\n\t\t\t\t\t\t<i aria-hidden=\"true\" class=\"fab fa-spotify\"><\/i>\t\t\t\t\t<\/a>\n\t\t\t\t<\/span>\n\t\t\t\t\t\t\t<span class=\"elementor-grid-item\" role=\"listitem\">\n\t\t\t\t\t<a class=\"elementor-icon elementor-social-icon elementor-social-icon-apple elementor-repeater-item-83dfe72\" href=\"https:\/\/music.apple.com\/se\/album\/laughter-and-tears-ep\/1680881746?l=en\" target=\"_blank\" rel=\"noopener\">\n\t\t\t\t\t\t<span class=\"elementor-screen-only\">Apple<\/span>\n\t\t\t\t\t\t<i aria-hidden=\"true\" class=\"fab fa-apple\"><\/i>\t\t\t\t\t<\/a>\n\t\t\t\t<\/span>\n\t\t\t\t\t\t\t<span class=\"elementor-grid-item\" role=\"listitem\">\n\t\t\t\t\t<a class=\"elementor-icon elementor-social-icon elementor-social-icon-amazon elementor-repeater-item-1d76139\" href=\"https:\/\/music.amazon.com\/albums\/B0C1SBZ4SQ?marketplaceId=A3K6Y4MI8GDYMT&#038;musicTerritory=SE&#038;ref=dm_sh_oQrzrabqC5m6uqM6vMDzOMTre\" target=\"_blank\" rel=\"noopener\">\n\t\t\t\t\t\t<span class=\"elementor-screen-only\">Amazon<\/span>\n\t\t\t\t\t\t<i aria-hidden=\"true\" class=\"fab fa-amazon\"><\/i>\t\t\t\t\t<\/a>\n\t\t\t\t<\/span>\n\t\t\t\t\t\t\t<span class=\"elementor-grid-item\" role=\"listitem\">\n\t\t\t\t\t<a class=\"elementor-icon elementor-social-icon elementor-social-icon-deezer elementor-repeater-item-ab6ad49\" href=\"https:\/\/deezer.page.link\/BMB9fPE4qm4hS7weA\" target=\"_blank\" rel=\"noopener\">\n\t\t\t\t\t\t<span class=\"elementor-screen-only\">Deezer<\/span>\n\t\t\t\t\t\t<i aria-hidden=\"true\" class=\"fab fa-deezer\"><\/i>\t\t\t\t\t<\/a>\n\t\t\t\t<\/span>\n\t\t\t\t\t<\/div>\n\t\t\t\t\t\t<\/div>\n\t\t\t\t<\/div>\n\t\t\t\t\t<\/div>\n\t\t<\/div>\n\t\t\t\t<div class=\"elementor-column elementor-col-50 elementor-inner-column elementor-element elementor-element-2805af11\" data-id=\"2805af11\" data-element_type=\"column\" data-e-type=\"column\">\n\t\t\t<div class=\"elementor-widget-wrap elementor-element-populated\">\n\t\t\t\t\t\t<div class=\"elementor-element elementor-element-4594dd23 elementor-widget elementor-widget-text-editor\" data-id=\"4594dd23\" data-element_type=\"widget\" data-e-type=\"widget\" data-widget_type=\"text-editor.default\">\n\t\t\t\t<div class=\"elementor-widget-container\">\n\t\t\t\t\t\t\t\t\t<p>Laughter and Tears contains four tracks:<\/p><ol><li><em>Cantate Domino<\/em>\u00a0by Pawe\u0142 \u0141ukaszewski<\/li><li><span style=\"font-size: 16px;\"><em>Les fleurs et les arbres<\/em> by Camille Saint-Sa\u00ebns<\/span><\/li><li><i>F\u00f6rv\u00e5rskv\u00e4ll<\/i> by David Wikander<\/li><li style=\"font-size: 16px;\"><span style=\"font-size: 16px; font-style: italic;\">I Seraillets Have<\/span>\u00a0by Wilhelm Stenhammar<\/li><\/ol><div><p><span style=\"font-weight: 400;\">\"Laughter and tears\" are the concluding words of Camille Saint-Sa\u00ebns' Les Fleurs et les Arbres. The piece is the second track of a total of four that together make up the latest EP by En K\u00f6r. The music is a selection from the choir's current repertoire and was recorded shortly after their return from the Il Polifonico competition in Arezzo.<\/span><\/p><p><span style=\"font-weight: 400;\">The ensemble's guiding principle since its inception has been to interpret and perform classical choral music in their own way. Just like on previous recordings and concerts, En K\u00f6r also blends different styles, eras, and languages on Laughter and Tears. For the first time on this EP, the choir has also recorded their performances of well-known Swedish choral works such as \"F\u00f6rv\u00e5rskv\u00e4ll\" (David Wikander) and \"I Seraillets Have\" (Wilhelm Stenhammar).<\/span><\/p><p><span style=\"font-weight: 400;\">Laughter and Tears represents a maturity in an ensemble that is constantly evolving, both in terms of sound and repertoire. The title describes a state that is delightful but not carefree. The seriousness has been allowed to take up more space and be expressed in this production than before, without leaving behind other characteristics of the ensemble - such as playful creativity and singing joy. Everything serves as evidence of the duality of laughter and tears, that is, two equally necessary descriptions of the same music.\u00a0<\/span><\/p><p><span style=\"font-weight: 400;\">The artwork that forms the basis for the cover is painted by the artist Maria van Oosterwyck, who lived in the Netherlands during the 17th century. The painting's motif is a so-called vanitas, intended to remind the viewer of the transience of worldly things; the bouquet is beautiful but overblown, and insects crawl among the plants, most prominently the short-lived mayfly. The artwork was chosen as the cover because it also represents several dualities - a recurring theme of the EP - such as life and death, enduring and ephemeral beauty, and the bright flowers against the dark background.<\/span><\/p><p><span style=\"font-weight: 400;\">The EP was released on 14 April, 2023.<\/span><\/p><\/div>\t\t\t\t\t\t\t\t<\/div>\n\t\t\t\t<\/div>\n\t\t\t\t\t<\/div>\n\t\t<\/div>\n\t\t\t\t\t<\/div>\n\t\t<\/section>\n\t\t\t\t\t<\/div>\n\t\t<\/div>\n\t\t\t\t\t<\/div>\n\t\t<\/section>\n\t\t\t\t<\/div>","protected":false},"excerpt":{"rendered":"<p>Laughter &amp; tears Spotify Apple Amazon Deezer Laughter and Tears inneh\u00e5ller fyra sp\u00e5r: Cantate Domino\u00a0av Pawe\u0142 \u0141ukaszewski Les fleurs et les arbres av Camille Saint-Sa\u00ebns F\u00f6rv\u00e5rskv\u00e4ll av David Wikander I Seraillets Have\u00a0av Wilhelm Stenhammar Laughter and Tears \u2013 skratt och t\u00e5rar \u2013 \u00e4r de avslutande orden i Les Fleurs et les Arbres av Camille Saint-Sa\u00ebns. [&hellip;]<\/p>\n","protected":false},"author":2,"featured_media":0,"parent":0,"menu_order":0,"comment_status":"closed","ping_status":"closed","template":"","meta":{"_monsterinsights_skip_tracking":false,"_monsterinsights_sitenote_active":false,"_monsterinsights_sitenote_note":"","_monsterinsights_sitenote_category":0,"site-sidebar-layout":"no-sidebar","site-content-layout":"page-builder","ast-site-content-layout":"default","site-content-style":"default","site-sidebar-style":"default","ast-global-header-display":"","ast-banner-title-visibility":"","ast-main-header-display":"","ast-hfb-above-header-display":"","ast-hfb-below-header-display":"","ast-hfb-mobile-header-display":"","site-post-title":"disabled","ast-breadcrumbs-content":"","ast-featured-img":"disabled","footer-sml-layout":"","ast-disable-related-posts":"","theme-transparent-header-meta":"","adv-header-id-meta":"","stick-header-meta":"","header-above-stick-meta":"","header-main-stick-meta":"","header-below-stick-meta":"","astra-migrate-meta-layouts":"default","ast-page-background-enabled":"default","ast-page-background-meta":{"desktop":{"background-color":"","background-image":"","background-repeat":"repeat","background-position":"center center","background-size":"auto","background-attachment":"scroll","background-type":"","background-media":"","overlay-type":"","overlay-color":"","overlay-opacity":"","overlay-gradient":""},"tablet":{"background-color":"","background-image":"","background-repeat":"repeat","background-position":"center center","background-size":"auto","background-attachment":"scroll","background-type":"","background-media":"","overlay-type":"","overlay-color":"","overlay-opacity":"","overlay-gradient":""},"mobile":{"background-color":"","background-image":"","background-repeat":"repeat","background-position":"center center","background-size":"auto","background-attachment":"scroll","background-type":"","background-media":"","overlay-type":"","overlay-color":"","overlay-opacity":"","overlay-gradient":""}},"ast-content-background-meta":{"desktop":{"background-color":"var(--ast-global-color-5)","background-image":"","background-repeat":"repeat","background-position":"center center","background-size":"auto","background-attachment":"scroll","background-type":"","background-media":"","overlay-type":"","overlay-color":"","overlay-opacity":"","overlay-gradient":""},"tablet":{"background-color":"var(--ast-global-color-5)","background-image":"","background-repeat":"repeat","background-position":"center center","background-size":"auto","background-attachment":"scroll","background-type":"","background-media":"","overlay-type":"","overlay-color":"","overlay-opacity":"","overlay-gradient":""},"mobile":{"background-color":"var(--ast-global-color-5)","background-image":"","background-repeat":"repeat","background-position":"center center","background-size":"auto","background-attachment":"scroll","background-type":"","background-media":"","overlay-type":"","overlay-color":"","overlay-opacity":"","overlay-gradient":""}},"footnotes":""},"class_list":["post-1554","page","type-page","status-publish","hentry"],"_links":{"self":[{"href":"https:\/\/enkor.se\/en\/wp-json\/wp\/v2\/pages\/1554","targetHints":{"allow":["GET"]}}],"collection":[{"href":"https:\/\/enkor.se\/en\/wp-json\/wp\/v2\/pages"}],"about":[{"href":"https:\/\/enkor.se\/en\/wp-json\/wp\/v2\/types\/page"}],"author":[{"embeddable":true,"href":"https:\/\/enkor.se\/en\/wp-json\/wp\/v2\/users\/2"}],"replies":[{"embeddable":true,"href":"https:\/\/enkor.se\/en\/wp-json\/wp\/v2\/comments?post=1554"}],"version-history":[{"count":36,"href":"https:\/\/enkor.se\/en\/wp-json\/wp\/v2\/pages\/1554\/revisions"}],"predecessor-version":[{"id":1617,"href":"https:\/\/enkor.se\/en\/wp-json\/wp\/v2\/pages\/1554\/revisions\/1617"}],"wp:attachment":[{"href":"https:\/\/enkor.se\/en\/wp-json\/wp\/v2\/media?parent=1554"}],"curies":[{"name":"wp","href":"https:\/\/api.w.org\/{rel}","templated":true}]}}