{"id":1940,"date":"2024-12-19T09:52:54","date_gmt":"2024-12-19T09:52:54","guid":{"rendered":"https:\/\/enkor.se\/?page_id=1940"},"modified":"2024-12-20T13:08:23","modified_gmt":"2024-12-20T13:08:23","slug":"nyhetsbrev","status":"publish","type":"page","link":"https:\/\/enkor.se\/en\/nyhetsbrev\/","title":{"rendered":"Newsletter"},"content":{"rendered":"\t\t<div data-elementor-type=\"wp-page\" data-elementor-id=\"1940\" class=\"elementor elementor-1940\">\n\t\t\t\t\t\t<section class=\"elementor-section elementor-top-section elementor-element elementor-element-7b61320 elementor-section-boxed elementor-section-height-default elementor-section-height-default\" data-id=\"7b61320\" data-element_type=\"section\" data-e-type=\"section\" data-settings=\"{&quot;background_background&quot;:&quot;classic&quot;}\">\n\t\t\t\t\t\t\t<div class=\"elementor-background-overlay\"><\/div>\n\t\t\t\t\t\t\t<div class=\"elementor-container elementor-column-gap-default\">\n\t\t\t\t\t<div class=\"elementor-column elementor-col-33 elementor-top-column elementor-element elementor-element-f3ecf51\" data-id=\"f3ecf51\" data-element_type=\"column\" data-e-type=\"column\">\n\t\t\t<div class=\"elementor-widget-wrap\">\n\t\t\t\t\t\t\t<\/div>\n\t\t<\/div>\n\t\t\t\t<div class=\"elementor-column elementor-col-33 elementor-top-column elementor-element elementor-element-fc4ef0e\" data-id=\"fc4ef0e\" data-element_type=\"column\" data-e-type=\"column\">\n\t\t\t<div class=\"elementor-widget-wrap elementor-element-populated\">\n\t\t\t\t\t\t<div class=\"elementor-element elementor-element-9854f52 elementor-widget elementor-widget-heading\" data-id=\"9854f52\" data-element_type=\"widget\" data-e-type=\"widget\" data-widget_type=\"heading.default\">\n\t\t\t\t<div class=\"elementor-widget-container\">\n\t\t\t\t\t<h1 class=\"elementor-heading-title elementor-size-default\">Nyhetsbrev<\/h1>\t\t\t\t<\/div>\n\t\t\t\t<\/div>\n\t\t\t\t\t<\/div>\n\t\t<\/div>\n\t\t\t\t<div class=\"elementor-column elementor-col-33 elementor-top-column elementor-element elementor-element-316d96a\" data-id=\"316d96a\" data-element_type=\"column\" data-e-type=\"column\">\n\t\t\t<div class=\"elementor-widget-wrap\">\n\t\t\t\t\t\t\t<\/div>\n\t\t<\/div>\n\t\t\t\t\t<\/div>\n\t\t<\/section>\n\t\t\t\t<section class=\"elementor-section elementor-top-section elementor-element elementor-element-b947509 elementor-section-boxed elementor-section-height-default elementor-section-height-default\" data-id=\"b947509\" data-element_type=\"section\" data-e-type=\"section\">\n\t\t\t\t\t\t<div class=\"elementor-container elementor-column-gap-default\">\n\t\t\t\t\t<div class=\"elementor-column elementor-col-33 elementor-top-column elementor-element elementor-element-29348a5\" data-id=\"29348a5\" data-element_type=\"column\" data-e-type=\"column\">\n\t\t\t<div class=\"elementor-widget-wrap\">\n\t\t\t\t\t\t\t<\/div>\n\t\t<\/div>\n\t\t\t\t<div class=\"elementor-column elementor-col-33 elementor-top-column elementor-element elementor-element-5692c58\" data-id=\"5692c58\" data-element_type=\"column\" data-e-type=\"column\">\n\t\t\t<div class=\"elementor-widget-wrap elementor-element-populated\">\n\t\t\t\t\t\t<div class=\"elementor-element elementor-element-7423b01 elementor-widget elementor-widget-heading\" data-id=\"7423b01\" data-element_type=\"widget\" data-e-type=\"widget\" data-widget_type=\"heading.default\">\n\t\t\t\t<div class=\"elementor-widget-container\">\n\t\t\t\t\t<h2 class=\"elementor-heading-title elementor-size-default\">Missa aldrig en konsert!<\/h2>\t\t\t\t<\/div>\n\t\t\t\t<\/div>\n\t\t\t\t<div class=\"elementor-element elementor-element-1887f27 elementor-widget-divider--view-line elementor-widget elementor-widget-divider\" data-id=\"1887f27\" data-element_type=\"widget\" data-e-type=\"widget\" data-widget_type=\"divider.default\">\n\t\t\t\t<div class=\"elementor-widget-container\">\n\t\t\t\t\t\t\t<div class=\"elementor-divider\">\n\t\t\t<span class=\"elementor-divider-separator\">\n\t\t\t\t\t\t<\/span>\n\t\t<\/div>\n\t\t\t\t\t\t<\/div>\n\t\t\t\t<\/div>\n\t\t\t\t<div class=\"elementor-element elementor-element-e881110 elementor-widget elementor-widget-text-editor\" data-id=\"e881110\" data-element_type=\"widget\" data-e-type=\"widget\" data-widget_type=\"text-editor.default\">\n\t\t\t\t<div class=\"elementor-widget-container\">\n\t\t\t\t\t\t\t\t\t<p><span style=\"font-size: 16px; font-style: normal; font-weight: 400; text-align: start; white-space-collapse: preserve;\">Genom att prenumerera p\u00e5 v\u00e5rt nyhetsbrev s\u00e5 f\u00e5r du uppdateringar inf\u00f6r varje kommande konsert eller evenemang.<\/span><\/p>\t\t\t\t\t\t\t\t<\/div>\n\t\t\t\t<\/div>\n\t\t\t\t<div class=\"elementor-element elementor-element-3e15a41 elementor-widget elementor-widget-html\" data-id=\"3e15a41\" data-element_type=\"widget\" data-e-type=\"widget\" data-widget_type=\"html.default\">\n\t\t\t\t<div class=\"elementor-widget-container\">\n\t\t\t\t\t<div id=\"mc_embed_shell\">\n    <link href=\"\/\/cdn-images.mailchimp.com\/embedcode\/classic-061523.css\" rel=\"stylesheet\" type=\"text\/css\">\n    <style type=\"text\/css\">\n        \/* General styles for the form *\/\n        #mc_embed_signup {\n            background: #fff;\n            clear: left;\n            font: 12px Montserrat, sans-serif;\n            width: 100%; \/* Make the form responsive *\/\n            max-width: 550px; \/* Limit the width on larger screens *\/\n            margin: 0 auto; \/* Center the form *\/\n            padding: 20px;\n            box-sizing: border-box; \/* Include padding in width *\/\n        }\n\n        \/* Ensure inputs and buttons are responsive *\/\n        #mc_embed_signup input,\n        #mc_embed_signup button {\n            width: 100%; \/* Full width on smaller screens *\/\n            box-sizing: border-box; \/* Include padding and borders in width *\/\n            margin-bottom: 15px;\n        }\n\n        \/* Center-align the heading and adjust padding *\/\n        #mc_embed_signup h2 {\n            text-align: center;\n            margin-bottom: 20px;\n        }\n\n        \/* Center the button *\/\n        #mc_embed_signup .clear {\n            display: flex;\n            justify-content: center;\n            align-items: center;\n        }\n\n        \/* Adjust responsiveness for small screens *\/\n        @media (max-width: 768px) {\n            #mc_embed_signup {\n                padding: 10px; \/* Reduce padding on smaller screens *\/\n            }\n        }\n    <\/style>\n    <div id=\"mc_embed_signup\">\n        <form action=\"https:\/\/enkor.us16.list-manage.com\/subscribe\/post?u=74d6dbee67407f06d869879b4&amp;id=8c0dbc7c8c&amp;f_id=00dfc2e1f0\" method=\"post\" id=\"mc-embedded-subscribe-form\" name=\"mc-embedded-subscribe-form\" class=\"validate\" target=\"_blank\"> \n            <div id=\"mc_embed_signup_scroll\">\n                \n                <div class=\"indicates-required\">\n                    <span class=\"asterisk\">*<\/span> Obligatoriskt f\u00e4lt\n                <\/div>\n                <div class=\"mc-field-group\">\n                    <label for=\"mce-EMAIL\">Email <span class=\"asterisk\">*<\/span><\/label>\n                    <input type=\"email\" name=\"EMAIL\" class=\"required email\" id=\"mce-EMAIL\" required value=\"\">\n                <\/div>\n                <div class=\"mc-field-group\">\n                    <label for=\"mce-FNAME\">F\u00f6rnamn <\/label>\n                    <input type=\"text\" name=\"FNAME\" class=\"text\" id=\"mce-FNAME\" value=\"\">\n                <\/div>\n                <div class=\"mc-field-group\">\n                    <label for=\"mce-LNAME\">Efternamn <\/label>\n                    <input type=\"text\" name=\"LNAME\" class=\"text\" id=\"mce-LNAME\" value=\"\">\n                <\/div>\n                <div id=\"mce-responses\" class=\"clear\">\n                    <div class=\"response\" id=\"mce-error-response\" style=\"display: none;\"><\/div>\n                    <div class=\"response\" id=\"mce-success-response\" style=\"display: none;\"><\/div>\n                <\/div>\n                <div aria-hidden=\"true\" style=\"position: absolute; left: -5000px;\">\n                    <input type=\"text\" name=\"b_74d6dbee67407f06d869879b4_8c0dbc7c8c\" tabindex=\"-1\" value=\"\">\n                <\/div>\n                <div class=\"clear\">\n                    <button type=\"submit\" name=\"subscribe\" id=\"mc-embedded-subscribe\" class=\"button\">Prenumerera<\/button>\n                <\/div>\n            <\/div>\n        <\/form>\n    <\/div>\n    <script type=\"text\/javascript\" src=\"\/\/s3.amazonaws.com\/downloads.mailchimp.com\/js\/mc-validate.js\"><\/script>\n    <script type=\"text\/javascript\">\n        (function($) {\n            window.fnames = new Array(); \n            window.ftypes = new Array();\n            fnames[0]='EMAIL'; ftypes[0]='email';\n            fnames[1]='FNAME'; ftypes[1]='text';\n            fnames[2]='LNAME'; ftypes[2]='text';\n        }(jQuery));\n        var $mcj = jQuery.noConflict(true);\n    <\/script>\n<\/div>\n\t\t\t\t<\/div>\n\t\t\t\t<\/div>\n\t\t\t\t\t<\/div>\n\t\t<\/div>\n\t\t\t\t<div class=\"elementor-column elementor-col-33 elementor-top-column elementor-element elementor-element-21739ba\" data-id=\"21739ba\" data-element_type=\"column\" data-e-type=\"column\">\n\t\t\t<div class=\"elementor-widget-wrap\">\n\t\t\t\t\t\t\t<\/div>\n\t\t<\/div>\n\t\t\t\t\t<\/div>\n\t\t<\/section>\n\t\t\t\t<\/div>\n\t\t","protected":false},"excerpt":{"rendered":"<p>Nyhetsbrev Missa aldrig en konsert! Genom att prenumerera p\u00e5 v\u00e5rt nyhetsbrev s\u00e5 f\u00e5r du uppdateringar inf\u00f6r varje kommande konsert eller evenemang. * Obligatoriskt f\u00e4lt Email * F\u00f6rnamn Efternamn Prenumerera<\/p>","protected":false},"author":3,"featured_media":0,"parent":0,"menu_order":0,"comment_status":"closed","ping_status":"closed","template":"","meta":{"_monsterinsights_skip_tracking":false,"_monsterinsights_sitenote_active":false,"_monsterinsights_sitenote_note":"","_monsterinsights_sitenote_category":0,"site-sidebar-layout":"no-sidebar","site-content-layout":"page-builder","ast-site-content-layout":"full-width-container","site-content-style":"default","site-sidebar-style":"default","ast-global-header-display":"","ast-banner-title-visibility":"","ast-main-header-display":"","ast-hfb-above-header-display":"","ast-hfb-below-header-display":"","ast-hfb-mobile-header-display":"","site-post-title":"disabled","ast-breadcrumbs-content":"","ast-featured-img":"disabled","footer-sml-layout":"","ast-disable-related-posts":"","theme-transparent-header-meta":"","adv-header-id-meta":"","stick-header-meta":"","header-above-stick-meta":"","header-main-stick-meta":"","header-below-stick-meta":"","astra-migrate-meta-layouts":"set","ast-page-background-enabled":"default","ast-page-background-meta":{"desktop":{"background-color":"","background-image":"","background-repeat":"repeat","background-position":"center center","background-size":"auto","background-attachment":"scroll","background-type":"","background-media":"","overlay-type":"","overlay-color":"","overlay-opacity":"","overlay-gradient":""},"tablet":{"background-color":"","background-image":"","background-repeat":"repeat","background-position":"center center","background-size":"auto","background-attachment":"scroll","background-type":"","background-media":"","overlay-type":"","overlay-color":"","overlay-opacity":"","overlay-gradient":""},"mobile":{"background-color":"","background-image":"","background-repeat":"repeat","background-position":"center center","background-size":"auto","background-attachment":"scroll","background-type":"","background-media":"","overlay-type":"","overlay-color":"","overlay-opacity":"","overlay-gradient":""}},"ast-content-background-meta":{"desktop":{"background-color":"var(--ast-global-color-5)","background-image":"","background-repeat":"repeat","background-position":"center center","background-size":"auto","background-attachment":"scroll","background-type":"","background-media":"","overlay-type":"","overlay-color":"","overlay-opacity":"","overlay-gradient":""},"tablet":{"background-color":"var(--ast-global-color-5)","background-image":"","background-repeat":"repeat","background-position":"center center","background-size":"auto","background-attachment":"scroll","background-type":"","background-media":"","overlay-type":"","overlay-color":"","overlay-opacity":"","overlay-gradient":""},"mobile":{"background-color":"var(--ast-global-color-5)","background-image":"","background-repeat":"repeat","background-position":"center center","background-size":"auto","background-attachment":"scroll","background-type":"","background-media":"","overlay-type":"","overlay-color":"","overlay-opacity":"","overlay-gradient":""}},"footnotes":""},"class_list":["post-1940","page","type-page","status-publish","hentry"],"_links":{"self":[{"href":"https:\/\/enkor.se\/en\/wp-json\/wp\/v2\/pages\/1940","targetHints":{"allow":["GET"]}}],"collection":[{"href":"https:\/\/enkor.se\/en\/wp-json\/wp\/v2\/pages"}],"about":[{"href":"https:\/\/enkor.se\/en\/wp-json\/wp\/v2\/types\/page"}],"author":[{"embeddable":true,"href":"https:\/\/enkor.se\/en\/wp-json\/wp\/v2\/users\/3"}],"replies":[{"embeddable":true,"href":"https:\/\/enkor.se\/en\/wp-json\/wp\/v2\/comments?post=1940"}],"version-history":[{"count":25,"href":"https:\/\/enkor.se\/en\/wp-json\/wp\/v2\/pages\/1940\/revisions"}],"predecessor-version":[{"id":1970,"href":"https:\/\/enkor.se\/en\/wp-json\/wp\/v2\/pages\/1940\/revisions\/1970"}],"wp:attachment":[{"href":"https:\/\/enkor.se\/en\/wp-json\/wp\/v2\/media?parent=1940"}],"curies":[{"name":"wp","href":"https:\/\/api.w.org\/{rel}","templated":true}]}}